

{"id":2750,"date":"2024-04-08T09:58:08","date_gmt":"2024-04-08T12:58:08","guid":{"rendered":"https:\/\/vci.2rs.com.br\/fale-conosco\/"},"modified":"2024-04-08T09:58:08","modified_gmt":"2024-04-08T12:58:08","slug":"fale-conosco","status":"publish","type":"page","link":"https:\/\/vci.2rs.com.br\/es\/fale-conosco\/","title":{"rendered":"Fale Conosco"},"content":{"rendered":"<script type=\"text\/javascript\" src=\"https:\/\/mautic.vcibrasil.com.br\/form\/generate.js?id=3\"><\/script> <p>&nbsp;<\/p> <p>Ao entrar em contato, voc\u00ea concorda com nossa\u00a0<a title=\"Pol\u00edtica de Privacidade\" href=\"https:\/\/vci.2rs.com.br\/politica-de-privacidade\/\" target=\"_blank\" rel=\"noopener\">Pol\u00edtica de Privacidade<\/a>.<\/p> ","protected":false},"excerpt":{"rendered":"<p>Utitlize nosso formul\u00e1rio ou informa\u00e7\u00f5es de contato para falar conosco.<\/p> ","protected":false},"author":1,"featured_media":0,"parent":0,"menu_order":0,"comment_status":"closed","ping_status":"closed","template":"templates\/contato.php","meta":{"footnotes":""},"class_list":["post-2750","page","type-page","status-publish","hentry"],"yoast_head":"<!-- This site is optimized with the Yoast SEO Premium plugin v22.9 (Yoast SEO v22.9) - https:\/\/yoast.com\/wordpress\/plugins\/seo\/ -->\n<title>Fale Conosco - VCI Brasil<\/title>\n<meta name=\"robots\" content=\"noindex, follow, max-snippet:-1, max-image-preview:large, max-video-preview:-1\" \/>\n<meta property=\"og:locale\" content=\"es_ES\" \/>\n<meta property=\"og:type\" content=\"article\" \/>\n<meta property=\"og:title\" content=\"Fale Conosco\" \/>\n<meta property=\"og:description\" content=\"Utitlize nosso formul\u00e1rio ou informa\u00e7\u00f5es de contato para falar conosco.\" \/>\n<meta property=\"og:url\" content=\"https:\/\/vci.2rs.com.br\/es\/fale-conosco\/\" \/>\n<meta property=\"og:site_name\" content=\"VCI Brasil\" \/>\n<meta name=\"twitter:card\" content=\"summary_large_image\" \/>\n<script type=\"application\/ld+json\" class=\"yoast-schema-graph\">{\"@context\":\"https:\/\/schema.org\",\"@graph\":[{\"@type\":\"WebPage\",\"@id\":\"https:\/\/vci.2rs.com.br\/es\/fale-conosco\/\",\"url\":\"https:\/\/vci.2rs.com.br\/es\/fale-conosco\/\",\"name\":\"Fale Conosco - VCI Brasil\",\"isPartOf\":{\"@id\":\"https:\/\/vci.2rs.com.br\/#website\"},\"datePublished\":\"2024-04-08T12:58:08+00:00\",\"dateModified\":\"2024-04-08T12:58:08+00:00\",\"breadcrumb\":{\"@id\":\"https:\/\/vci.2rs.com.br\/es\/fale-conosco\/#breadcrumb\"},\"inLanguage\":\"es\",\"potentialAction\":[{\"@type\":\"ReadAction\",\"target\":[\"https:\/\/vci.2rs.com.br\/es\/fale-conosco\/\"]}]},{\"@type\":\"BreadcrumbList\",\"@id\":\"https:\/\/vci.2rs.com.br\/es\/fale-conosco\/#breadcrumb\",\"itemListElement\":[{\"@type\":\"ListItem\",\"position\":1,\"name\":\"In\u00edcio\",\"item\":\"https:\/\/vci.2rs.com.br\/\"},{\"@type\":\"ListItem\",\"position\":2,\"name\":\"Fale Conosco\"}]},{\"@type\":\"WebSite\",\"@id\":\"https:\/\/vci.2rs.com.br\/#website\",\"url\":\"https:\/\/vci.2rs.com.br\/\",\"name\":\"VCI Brasil\",\"description\":\"Solu\u00e7\u00f5es integradas anticorrosivas\",\"publisher\":{\"@id\":\"https:\/\/vci.2rs.com.br\/#organization\"},\"potentialAction\":[{\"@type\":\"SearchAction\",\"target\":{\"@type\":\"EntryPoint\",\"urlTemplate\":\"https:\/\/vci.2rs.com.br\/?s={search_term_string}\"},\"query-input\":\"required name=search_term_string\"}],\"inLanguage\":\"es\"},{\"@type\":\"Organization\",\"@id\":\"https:\/\/vci.2rs.com.br\/#organization\",\"name\":\"VCI Brasil\",\"url\":\"https:\/\/vci.2rs.com.br\/\",\"logo\":{\"@type\":\"ImageObject\",\"inLanguage\":\"es\",\"@id\":\"https:\/\/vci.2rs.com.br\/#\/schema\/logo\/image\/\",\"url\":\"https:\/\/vci.2rs.com.br\/wp-content\/uploads\/2024\/06\/logo-vci-brasil-brasil-maior.svg\",\"contentUrl\":\"https:\/\/vci.2rs.com.br\/wp-content\/uploads\/2024\/06\/logo-vci-brasil-brasil-maior.svg\",\"caption\":\"VCI Brasil\"},\"image\":{\"@id\":\"https:\/\/vci.2rs.com.br\/#\/schema\/logo\/image\/\"},\"sameAs\":[\"https:\/\/www.linkedin.com\/company\/vci-brasil\",\"https:\/\/www.youtube.com\/@vcibrasil\"]}]}<\/script>\n<!-- \/ Yoast SEO Premium plugin. -->","yoast_head_json":{"title":"Fale Conosco - VCI Brasil","robots":{"index":"noindex","follow":"follow","max-snippet":"max-snippet:-1","max-image-preview":"max-image-preview:large","max-video-preview":"max-video-preview:-1"},"og_locale":"es_ES","og_type":"article","og_title":"Fale Conosco","og_description":"Utitlize nosso formul\u00e1rio ou informa\u00e7\u00f5es de contato para falar conosco.","og_url":"https:\/\/vci.2rs.com.br\/es\/fale-conosco\/","og_site_name":"VCI Brasil","twitter_card":"summary_large_image","schema":{"@context":"https:\/\/schema.org","@graph":[{"@type":"WebPage","@id":"https:\/\/vci.2rs.com.br\/es\/fale-conosco\/","url":"https:\/\/vci.2rs.com.br\/es\/fale-conosco\/","name":"Fale Conosco - VCI Brasil","isPartOf":{"@id":"https:\/\/vci.2rs.com.br\/#website"},"datePublished":"2024-04-08T12:58:08+00:00","dateModified":"2024-04-08T12:58:08+00:00","breadcrumb":{"@id":"https:\/\/vci.2rs.com.br\/es\/fale-conosco\/#breadcrumb"},"inLanguage":"es","potentialAction":[{"@type":"ReadAction","target":["https:\/\/vci.2rs.com.br\/es\/fale-conosco\/"]}]},{"@type":"BreadcrumbList","@id":"https:\/\/vci.2rs.com.br\/es\/fale-conosco\/#breadcrumb","itemListElement":[{"@type":"ListItem","position":1,"name":"In\u00edcio","item":"https:\/\/vci.2rs.com.br\/"},{"@type":"ListItem","position":2,"name":"Fale Conosco"}]},{"@type":"WebSite","@id":"https:\/\/vci.2rs.com.br\/#website","url":"https:\/\/vci.2rs.com.br\/","name":"VCI Brasil","description":"Solu\u00e7\u00f5es integradas anticorrosivas","publisher":{"@id":"https:\/\/vci.2rs.com.br\/#organization"},"potentialAction":[{"@type":"SearchAction","target":{"@type":"EntryPoint","urlTemplate":"https:\/\/vci.2rs.com.br\/?s={search_term_string}"},"query-input":"required name=search_term_string"}],"inLanguage":"es"},{"@type":"Organization","@id":"https:\/\/vci.2rs.com.br\/#organization","name":"VCI Brasil","url":"https:\/\/vci.2rs.com.br\/","logo":{"@type":"ImageObject","inLanguage":"es","@id":"https:\/\/vci.2rs.com.br\/#\/schema\/logo\/image\/","url":"https:\/\/vci.2rs.com.br\/wp-content\/uploads\/2024\/06\/logo-vci-brasil-brasil-maior.svg","contentUrl":"https:\/\/vci.2rs.com.br\/wp-content\/uploads\/2024\/06\/logo-vci-brasil-brasil-maior.svg","caption":"VCI Brasil"},"image":{"@id":"https:\/\/vci.2rs.com.br\/#\/schema\/logo\/image\/"},"sameAs":["https:\/\/www.linkedin.com\/company\/vci-brasil","https:\/\/www.youtube.com\/@vcibrasil"]}]}},"_links":{"self":[{"href":"https:\/\/vci.2rs.com.br\/es\/wp-json\/wp\/v2\/pages\/2750","targetHints":{"allow":["GET"]}}],"collection":[{"href":"https:\/\/vci.2rs.com.br\/es\/wp-json\/wp\/v2\/pages"}],"about":[{"href":"https:\/\/vci.2rs.com.br\/es\/wp-json\/wp\/v2\/types\/page"}],"author":[{"embeddable":true,"href":"https:\/\/vci.2rs.com.br\/es\/wp-json\/wp\/v2\/users\/1"}],"replies":[{"embeddable":true,"href":"https:\/\/vci.2rs.com.br\/es\/wp-json\/wp\/v2\/comments?post=2750"}],"version-history":[{"count":0,"href":"https:\/\/vci.2rs.com.br\/es\/wp-json\/wp\/v2\/pages\/2750\/revisions"}],"wp:attachment":[{"href":"https:\/\/vci.2rs.com.br\/es\/wp-json\/wp\/v2\/media?parent=2750"}],"curies":[{"name":"wp","href":"https:\/\/api.w.org\/{rel}","templated":true}]}}