

{"id":2747,"date":"2024-04-08T14:52:01","date_gmt":"2024-04-08T17:52:01","guid":{"rendered":"https:\/\/vci.2rs.com.br\/trabalhe-conosco\/"},"modified":"2024-04-08T14:52:01","modified_gmt":"2024-04-08T17:52:01","slug":"trabalhe-conosco","status":"publish","type":"page","link":"https:\/\/vci.2rs.com.br\/en\/trabalhe-conosco\/","title":{"rendered":"Trabalhe Conosco"},"content":{"rendered":"\n<div class=\"wpcf7 no-js\" id=\"wpcf7-f658-o1\" lang=\"pt-BR\" dir=\"ltr\">\n<div class=\"screen-reader-response\"><p role=\"status\" aria-live=\"polite\" aria-atomic=\"true\"><\/p> <ul><\/ul><\/div>\n<form action=\"\/en\/wp-json\/wp\/v2\/pages\/2747#wpcf7-f658-o1\" method=\"post\" class=\"wpcf7-form init\" aria-label=\"Formul\u00e1rios de contato\" enctype=\"multipart\/form-data\" novalidate=\"novalidate\" data-status=\"init\">\n<div style=\"display: none;\">\n<input type=\"hidden\" name=\"_wpcf7\" value=\"658\" \/>\n<input type=\"hidden\" name=\"_wpcf7_version\" value=\"5.9.6\" \/>\n<input type=\"hidden\" name=\"_wpcf7_locale\" value=\"pt_BR\" \/>\n<input type=\"hidden\" name=\"_wpcf7_unit_tag\" value=\"wpcf7-f658-o1\" \/>\n<input type=\"hidden\" name=\"_wpcf7_container_post\" value=\"0\" \/>\n<input type=\"hidden\" name=\"_wpcf7_posted_data_hash\" value=\"\" \/>\n<input type=\"hidden\" name=\"_wpcf7_recaptcha_response\" value=\"\" \/>\n<\/div>\n<p><label><span class=\"wpcf7-form-control-wrap\" data-name=\"nome\"><input size=\"40\" maxlength=\"80\" class=\"wpcf7-form-control wpcf7-text wpcf7-validates-as-required\" autocomplete=\"name\" aria-required=\"true\" aria-invalid=\"false\" placeholder=\"Nome*\" value=\"\" type=\"text\" name=\"nome\" \/><\/span><\/label><br \/>\n<label><span class=\"wpcf7-form-control-wrap\" data-name=\"fone\"><input size=\"40\" maxlength=\"80\" class=\"wpcf7-form-control wpcf7-text wpcf7-validates-as-required\" aria-required=\"true\" aria-invalid=\"false\" placeholder=\"Telefone*\" value=\"\" type=\"text\" name=\"fone\" \/><\/span><\/label><br \/>\n<label><span class=\"wpcf7-form-control-wrap\" data-name=\"email\"><input size=\"40\" maxlength=\"80\" class=\"wpcf7-form-control wpcf7-email wpcf7-validates-as-required wpcf7-text wpcf7-validates-as-email\" aria-required=\"true\" aria-invalid=\"false\" placeholder=\"E-mail*\" value=\"\" type=\"email\" name=\"email\" \/><\/span><\/label><br \/>\n<label><span class=\"wpcf7-form-control-wrap\" data-name=\"files\"><input size=\"40\" class=\"wpcf7-form-control wpcf7-file wpcf7-validates-as-required\" accept=\".pdf,.doc,.jpg\" aria-required=\"true\" aria-invalid=\"false\" type=\"file\" name=\"files\" \/><\/span><\/label><br \/>\n<label><span class=\"wpcf7-form-control-wrap\" data-name=\"mensagem\"><textarea cols=\"40\" rows=\"10\" maxlength=\"400\" class=\"wpcf7-form-control wpcf7-textarea\" aria-invalid=\"false\" placeholder=\"Mensagem\" name=\"mensagem\"><\/textarea><\/span><\/label><br \/>\n\n<\/p>\n<p><input class=\"wpcf7-form-control wpcf7-submit has-spinner btn\" type=\"submit\" value=\"Enviar\" \/>\n<\/p><div class=\"wpcf7-response-output\" aria-hidden=\"true\"><\/div>\n<\/form>\n<\/div>\n <p>Ao enviar seu curr\u00edculo e contatos, voc\u00ea concorda com nossa <a title=\"Pol\u00edtica de Privacidade\" href=\"https:\/\/vci.2rs.com.br\/politica-de-privacidade\/\" target=\"_blank\" rel=\"noopener\">Pol\u00edtica de Privacidade<\/a>.<\/p> ","protected":false},"excerpt":{"rendered":"<p>Envie seu curr\u00edculo atrav\u00e9s do formul\u00e1rio.<\/p> ","protected":false},"author":1,"featured_media":0,"parent":0,"menu_order":0,"comment_status":"closed","ping_status":"closed","template":"templates\/contato.php","meta":{"footnotes":""},"class_list":["post-2747","page","type-page","status-publish","hentry"],"yoast_head":"<!-- This site is optimized with the Yoast SEO Premium plugin v22.9 (Yoast SEO v22.9) - https:\/\/yoast.com\/wordpress\/plugins\/seo\/ -->\n<title>Trabalhe Conosco - VCI Brasil<\/title>\n<meta name=\"robots\" content=\"noindex, follow, max-snippet:-1, max-image-preview:large, max-video-preview:-1\" \/>\n<meta property=\"og:locale\" content=\"en_US\" \/>\n<meta property=\"og:type\" content=\"article\" \/>\n<meta property=\"og:title\" content=\"Trabalhe Conosco\" \/>\n<meta property=\"og:description\" content=\"Envie seu curr\u00edculo atrav\u00e9s do formul\u00e1rio.\" \/>\n<meta property=\"og:url\" content=\"https:\/\/vci.2rs.com.br\/en\/trabalhe-conosco\/\" \/>\n<meta property=\"og:site_name\" content=\"VCI Brasil\" \/>\n<meta name=\"twitter:card\" content=\"summary_large_image\" \/>\n<script type=\"application\/ld+json\" class=\"yoast-schema-graph\">{\"@context\":\"https:\/\/schema.org\",\"@graph\":[{\"@type\":\"WebPage\",\"@id\":\"https:\/\/vci.2rs.com.br\/en\/trabalhe-conosco\/\",\"url\":\"https:\/\/vci.2rs.com.br\/en\/trabalhe-conosco\/\",\"name\":\"Trabalhe Conosco - VCI Brasil\",\"isPartOf\":{\"@id\":\"https:\/\/vci.2rs.com.br\/#website\"},\"datePublished\":\"2024-04-08T17:52:01+00:00\",\"dateModified\":\"2024-04-08T17:52:01+00:00\",\"breadcrumb\":{\"@id\":\"https:\/\/vci.2rs.com.br\/en\/trabalhe-conosco\/#breadcrumb\"},\"inLanguage\":\"en-US\",\"potentialAction\":[{\"@type\":\"ReadAction\",\"target\":[\"https:\/\/vci.2rs.com.br\/en\/trabalhe-conosco\/\"]}]},{\"@type\":\"BreadcrumbList\",\"@id\":\"https:\/\/vci.2rs.com.br\/en\/trabalhe-conosco\/#breadcrumb\",\"itemListElement\":[{\"@type\":\"ListItem\",\"position\":1,\"name\":\"In\u00edcio\",\"item\":\"https:\/\/vci.2rs.com.br\/\"},{\"@type\":\"ListItem\",\"position\":2,\"name\":\"Trabalhe Conosco\"}]},{\"@type\":\"WebSite\",\"@id\":\"https:\/\/vci.2rs.com.br\/#website\",\"url\":\"https:\/\/vci.2rs.com.br\/\",\"name\":\"VCI Brasil\",\"description\":\"Solu\u00e7\u00f5es integradas anticorrosivas\",\"publisher\":{\"@id\":\"https:\/\/vci.2rs.com.br\/#organization\"},\"potentialAction\":[{\"@type\":\"SearchAction\",\"target\":{\"@type\":\"EntryPoint\",\"urlTemplate\":\"https:\/\/vci.2rs.com.br\/?s={search_term_string}\"},\"query-input\":\"required name=search_term_string\"}],\"inLanguage\":\"en-US\"},{\"@type\":\"Organization\",\"@id\":\"https:\/\/vci.2rs.com.br\/#organization\",\"name\":\"VCI Brasil\",\"url\":\"https:\/\/vci.2rs.com.br\/\",\"logo\":{\"@type\":\"ImageObject\",\"inLanguage\":\"en-US\",\"@id\":\"https:\/\/vci.2rs.com.br\/#\/schema\/logo\/image\/\",\"url\":\"https:\/\/vci.2rs.com.br\/wp-content\/uploads\/2024\/06\/logo-vci-brasil-brasil-maior.svg\",\"contentUrl\":\"https:\/\/vci.2rs.com.br\/wp-content\/uploads\/2024\/06\/logo-vci-brasil-brasil-maior.svg\",\"caption\":\"VCI Brasil\"},\"image\":{\"@id\":\"https:\/\/vci.2rs.com.br\/#\/schema\/logo\/image\/\"},\"sameAs\":[\"https:\/\/www.linkedin.com\/company\/vci-brasil\",\"https:\/\/www.youtube.com\/@vcibrasil\"]}]}<\/script>\n<!-- \/ Yoast SEO Premium plugin. -->","yoast_head_json":{"title":"Trabalhe Conosco - VCI Brasil","robots":{"index":"noindex","follow":"follow","max-snippet":"max-snippet:-1","max-image-preview":"max-image-preview:large","max-video-preview":"max-video-preview:-1"},"og_locale":"en_US","og_type":"article","og_title":"Trabalhe Conosco","og_description":"Envie seu curr\u00edculo atrav\u00e9s do formul\u00e1rio.","og_url":"https:\/\/vci.2rs.com.br\/en\/trabalhe-conosco\/","og_site_name":"VCI Brasil","twitter_card":"summary_large_image","schema":{"@context":"https:\/\/schema.org","@graph":[{"@type":"WebPage","@id":"https:\/\/vci.2rs.com.br\/en\/trabalhe-conosco\/","url":"https:\/\/vci.2rs.com.br\/en\/trabalhe-conosco\/","name":"Trabalhe Conosco - VCI Brasil","isPartOf":{"@id":"https:\/\/vci.2rs.com.br\/#website"},"datePublished":"2024-04-08T17:52:01+00:00","dateModified":"2024-04-08T17:52:01+00:00","breadcrumb":{"@id":"https:\/\/vci.2rs.com.br\/en\/trabalhe-conosco\/#breadcrumb"},"inLanguage":"en-US","potentialAction":[{"@type":"ReadAction","target":["https:\/\/vci.2rs.com.br\/en\/trabalhe-conosco\/"]}]},{"@type":"BreadcrumbList","@id":"https:\/\/vci.2rs.com.br\/en\/trabalhe-conosco\/#breadcrumb","itemListElement":[{"@type":"ListItem","position":1,"name":"In\u00edcio","item":"https:\/\/vci.2rs.com.br\/"},{"@type":"ListItem","position":2,"name":"Trabalhe Conosco"}]},{"@type":"WebSite","@id":"https:\/\/vci.2rs.com.br\/#website","url":"https:\/\/vci.2rs.com.br\/","name":"VCI Brasil","description":"Solu\u00e7\u00f5es integradas anticorrosivas","publisher":{"@id":"https:\/\/vci.2rs.com.br\/#organization"},"potentialAction":[{"@type":"SearchAction","target":{"@type":"EntryPoint","urlTemplate":"https:\/\/vci.2rs.com.br\/?s={search_term_string}"},"query-input":"required name=search_term_string"}],"inLanguage":"en-US"},{"@type":"Organization","@id":"https:\/\/vci.2rs.com.br\/#organization","name":"VCI Brasil","url":"https:\/\/vci.2rs.com.br\/","logo":{"@type":"ImageObject","inLanguage":"en-US","@id":"https:\/\/vci.2rs.com.br\/#\/schema\/logo\/image\/","url":"https:\/\/vci.2rs.com.br\/wp-content\/uploads\/2024\/06\/logo-vci-brasil-brasil-maior.svg","contentUrl":"https:\/\/vci.2rs.com.br\/wp-content\/uploads\/2024\/06\/logo-vci-brasil-brasil-maior.svg","caption":"VCI Brasil"},"image":{"@id":"https:\/\/vci.2rs.com.br\/#\/schema\/logo\/image\/"},"sameAs":["https:\/\/www.linkedin.com\/company\/vci-brasil","https:\/\/www.youtube.com\/@vcibrasil"]}]}},"_links":{"self":[{"href":"https:\/\/vci.2rs.com.br\/en\/wp-json\/wp\/v2\/pages\/2747","targetHints":{"allow":["GET"]}}],"collection":[{"href":"https:\/\/vci.2rs.com.br\/en\/wp-json\/wp\/v2\/pages"}],"about":[{"href":"https:\/\/vci.2rs.com.br\/en\/wp-json\/wp\/v2\/types\/page"}],"author":[{"embeddable":true,"href":"https:\/\/vci.2rs.com.br\/en\/wp-json\/wp\/v2\/users\/1"}],"replies":[{"embeddable":true,"href":"https:\/\/vci.2rs.com.br\/en\/wp-json\/wp\/v2\/comments?post=2747"}],"version-history":[{"count":0,"href":"https:\/\/vci.2rs.com.br\/en\/wp-json\/wp\/v2\/pages\/2747\/revisions"}],"wp:attachment":[{"href":"https:\/\/vci.2rs.com.br\/en\/wp-json\/wp\/v2\/media?parent=2747"}],"curies":[{"name":"wp","href":"https:\/\/api.w.org\/{rel}","templated":true}]}}