

{"id":2727,"date":"2024-06-26T21:02:06","date_gmt":"2024-06-27T00:02:06","guid":{"rendered":"https:\/\/vci.2rs.com.br\/solucoes-anticorrosivas-integradas\/"},"modified":"2024-06-26T21:02:06","modified_gmt":"2024-06-27T00:02:06","slug":"solucoes-anticorrosivas-integradas","status":"publish","type":"page","link":"https:\/\/vci.2rs.com.br\/en\/solucoes-anticorrosivas-integradas\/","title":{"rendered":""},"content":{"rendered":"<h3>Solu\u00e7\u00f5es Anticorrosivas Integradas<\/h3> <p>Na VCI Brasil, oferecemos solu\u00e7\u00f5es anticorrosivas integradas que otimizam custos e garantem a prote\u00e7\u00e3o eficaz em toda a cadeia produtiva e log\u00edstica. Utilizamos tecnologias avan\u00e7adas, como V-active e VCI, com produtos \u00e0 base de \u00e1gua, proporcionando uma prote\u00e7\u00e3o superior contra a corros\u00e3o.<\/p> <p>Os fluidos V-active da linha MVAqua s\u00e3o org\u00e2nicos, seguros para o meio ambiente e para as pessoas. Compat\u00edveis com nossas embalagens VCI, eles garantem uma prote\u00e7\u00e3o cont\u00ednua e eficaz durante todo o processo de produ\u00e7\u00e3o, estocagem e log\u00edstica.<\/p> <p>&nbsp;<\/p> <div style=\"padding: 40% 0 0 0; position: relative;\"><iframe style=\"position: absolute; top: 0; left: 0; width: 100%; height: 100%;\" title=\"VCI Brasil | Solu\u00e7\u00f5es anticorrosivas integradas\" data-src=\"https:\/\/player.vimeo.com\/video\/969858756?badge=0&amp;autopause=0&amp;player_id=0&amp;app_id=58479\" frameborder=\"0\" src=\"data:image\/gif;base64,R0lGODlhAQABAAAAACH5BAEKAAEALAAAAAABAAEAAAICTAEAOw==\" class=\"lazyload\" data-load-mode=\"1\"><\/iframe><\/div> <p><script src=\"https:\/\/player.vimeo.com\/api\/player.js\"><\/script><\/p> <h4>Benef\u00edcios das Solu\u00e7\u00f5es Anticorrosivas Integradas<\/h4> <h4>Efici\u00eancia Operacional<\/h4> <p>Ao adotar nossas solu\u00e7\u00f5es, voc\u00ea integra um projeto pensado para oferecer benef\u00edcios e resultados desde a produ\u00e7\u00e3o, passando pela estocagem, at\u00e9 a log\u00edstica.<\/p> <h5>Na Produ\u00e7\u00e3o:<\/h5> <ul> <li><strong>Redu\u00e7\u00e3o de custos:<\/strong> Maximiza\u00e7\u00e3o de recursos e processos eficientes.<\/li> <li><strong>Acabamento superior:<\/strong> Garantia de qualidade e durabilidade.<\/li> <li><strong>Controles simplificados:<\/strong> Procedimentos eficientes e obrigat\u00f3rios.<\/li> <li><strong>Sustentabilidade:<\/strong> Menor consumo de recursos e prote\u00e7\u00e3o ambiental.<\/li> <li><strong>Pe\u00e7as limpas e protegidas:<\/strong> Durante todo o processo de fabrica\u00e7\u00e3o.<\/li> <li><strong>Prote\u00e7\u00e3o do solo:<\/strong> Sem contamina\u00e7\u00e3o ambiental.<\/li> <\/ul> <h5>Na Log\u00edstica:<\/h5> <ul> <li><strong>Otimiza\u00e7\u00e3o de embalagens:<\/strong> Resist\u00eancia adequada e f\u00e1cil manuseio.<\/li> <li><strong>Prote\u00e7\u00e3o anticorrosiva:<\/strong> Avalia\u00e7\u00e3o e suporte para cada microambiente.<\/li> <li><strong>Efici\u00eancia log\u00edstica:<\/strong> Pe\u00e7as limpas e protegidas para montagem e armazenamento.<\/li> <li><strong>Redu\u00e7\u00e3o de res\u00edduos:<\/strong> Menor impacto ambiental em todas as opera\u00e7\u00f5es.<\/li> <li><strong>Ajuste \u00e0 log\u00edstica do cliente:<\/strong> Pe\u00e7as prontas para entrada na linha de montagem e armazenamento garantido para revenda.<\/li> <\/ul> <h4>Resultados Esperados<\/h4> <p>Empresas que adotam nossas solu\u00e7\u00f5es prosperam, aumentando a efici\u00eancia, reduzindo custos e proporcionando uma experi\u00eancia superior ao cliente. Com o avan\u00e7o da tecnologia, as solu\u00e7\u00f5es anticorrosivas integradas se tornam essenciais para o sucesso sustent\u00e1vel em um mercado cada vez mais competitivo.<\/p> <p>Investir em nossas solu\u00e7\u00f5es \u00e9 mais do que uma escolha estrat\u00e9gica; \u00e9 uma necessidade para empresas modernas. Nossos Agentes de Vendas est\u00e3o altamente capacitados para garantir que todos os nossos compromissos sejam plenamente compreendidos e aplicados.<\/p> <p>Explore nossas solu\u00e7\u00f5es e descubra como podemos ajudar sua empresa a alcan\u00e7ar novos patamares de efici\u00eancia e sustentabilidade.<\/p> ","protected":false},"excerpt":{"rendered":"<p>Solu\u00e7\u00f5es Anticorrosivas Integradas Na VCI Brasil, oferecemos solu\u00e7\u00f5es anticorrosivas integradas que otimizam custos e garantem a prote\u00e7\u00e3o eficaz em toda a cadeia produtiva e log\u00edstica. Utilizamos tecnologias avan\u00e7adas, como V-active e VCI, com produtos \u00e0 base de \u00e1gua, proporcionando uma prote\u00e7\u00e3o superior contra a corros\u00e3o. Os fluidos V-active da linha MVAqua s\u00e3o org\u00e2nicos, seguros para [&hellip;]<\/p> ","protected":false},"author":2,"featured_media":0,"parent":0,"menu_order":0,"comment_status":"closed","ping_status":"closed","template":"templates\/politicas.php","meta":{"footnotes":""},"class_list":["post-2727","page","type-page","status-publish","hentry"],"yoast_head":"<!-- This site is optimized with the Yoast SEO Premium plugin v22.9 (Yoast SEO v22.9) - https:\/\/yoast.com\/wordpress\/plugins\/seo\/ -->\n<title>- VCI Brasil<\/title>\n<meta name=\"robots\" content=\"noindex, follow, max-snippet:-1, max-image-preview:large, max-video-preview:-1\" \/>\n<meta property=\"og:locale\" content=\"en_US\" \/>\n<meta property=\"og:type\" content=\"article\" \/>\n<meta property=\"og:description\" content=\"Solu\u00e7\u00f5es Anticorrosivas Integradas Na VCI Brasil, oferecemos solu\u00e7\u00f5es anticorrosivas integradas que otimizam custos e garantem a prote\u00e7\u00e3o eficaz em toda a cadeia produtiva e log\u00edstica. Utilizamos tecnologias avan\u00e7adas, como V-active e VCI, com produtos \u00e0 base de \u00e1gua, proporcionando uma prote\u00e7\u00e3o superior contra a corros\u00e3o. Os fluidos V-active da linha MVAqua s\u00e3o org\u00e2nicos, seguros para [&hellip;]\" \/>\n<meta property=\"og:url\" content=\"https:\/\/vci.2rs.com.br\/en\/solucoes-anticorrosivas-integradas\/\" \/>\n<meta property=\"og:site_name\" content=\"VCI Brasil\" \/>\n<meta name=\"twitter:card\" content=\"summary_large_image\" \/>\n<meta name=\"twitter:label1\" content=\"Est. reading time\" \/>\n\t<meta name=\"twitter:data1\" content=\"2 minutes\" \/>\n<script type=\"application\/ld+json\" class=\"yoast-schema-graph\">{\"@context\":\"https:\/\/schema.org\",\"@graph\":[{\"@type\":\"WebPage\",\"@id\":\"https:\/\/vci.2rs.com.br\/en\/solucoes-anticorrosivas-integradas\/\",\"url\":\"https:\/\/vci.2rs.com.br\/en\/solucoes-anticorrosivas-integradas\/\",\"name\":\"- VCI Brasil\",\"isPartOf\":{\"@id\":\"https:\/\/vci.2rs.com.br\/#website\"},\"datePublished\":\"2024-06-27T00:02:06+00:00\",\"dateModified\":\"2024-06-27T00:02:06+00:00\",\"inLanguage\":\"en-US\",\"potentialAction\":[{\"@type\":\"ReadAction\",\"target\":[\"https:\/\/vci.2rs.com.br\/en\/solucoes-anticorrosivas-integradas\/\"]}]},{\"@type\":\"WebSite\",\"@id\":\"https:\/\/vci.2rs.com.br\/#website\",\"url\":\"https:\/\/vci.2rs.com.br\/\",\"name\":\"VCI Brasil\",\"description\":\"Solu\u00e7\u00f5es integradas anticorrosivas\",\"publisher\":{\"@id\":\"https:\/\/vci.2rs.com.br\/#organization\"},\"potentialAction\":[{\"@type\":\"SearchAction\",\"target\":{\"@type\":\"EntryPoint\",\"urlTemplate\":\"https:\/\/vci.2rs.com.br\/?s={search_term_string}\"},\"query-input\":\"required name=search_term_string\"}],\"inLanguage\":\"en-US\"},{\"@type\":\"Organization\",\"@id\":\"https:\/\/vci.2rs.com.br\/#organization\",\"name\":\"VCI Brasil\",\"url\":\"https:\/\/vci.2rs.com.br\/\",\"logo\":{\"@type\":\"ImageObject\",\"inLanguage\":\"en-US\",\"@id\":\"https:\/\/vci.2rs.com.br\/#\/schema\/logo\/image\/\",\"url\":\"https:\/\/vci.2rs.com.br\/wp-content\/uploads\/2024\/06\/logo-vci-brasil-brasil-maior.svg\",\"contentUrl\":\"https:\/\/vci.2rs.com.br\/wp-content\/uploads\/2024\/06\/logo-vci-brasil-brasil-maior.svg\",\"caption\":\"VCI Brasil\"},\"image\":{\"@id\":\"https:\/\/vci.2rs.com.br\/#\/schema\/logo\/image\/\"},\"sameAs\":[\"https:\/\/www.linkedin.com\/company\/vci-brasil\",\"https:\/\/www.youtube.com\/@vcibrasil\"]}]}<\/script>\n<!-- \/ Yoast SEO Premium plugin. -->","yoast_head_json":{"title":"- VCI Brasil","robots":{"index":"noindex","follow":"follow","max-snippet":"max-snippet:-1","max-image-preview":"max-image-preview:large","max-video-preview":"max-video-preview:-1"},"og_locale":"en_US","og_type":"article","og_description":"Solu\u00e7\u00f5es Anticorrosivas Integradas Na VCI Brasil, oferecemos solu\u00e7\u00f5es anticorrosivas integradas que otimizam custos e garantem a prote\u00e7\u00e3o eficaz em toda a cadeia produtiva e log\u00edstica. Utilizamos tecnologias avan\u00e7adas, como V-active e VCI, com produtos \u00e0 base de \u00e1gua, proporcionando uma prote\u00e7\u00e3o superior contra a corros\u00e3o. Os fluidos V-active da linha MVAqua s\u00e3o org\u00e2nicos, seguros para [&hellip;]","og_url":"https:\/\/vci.2rs.com.br\/en\/solucoes-anticorrosivas-integradas\/","og_site_name":"VCI Brasil","twitter_card":"summary_large_image","twitter_misc":{"Est. reading time":"2 minutes"},"schema":{"@context":"https:\/\/schema.org","@graph":[{"@type":"WebPage","@id":"https:\/\/vci.2rs.com.br\/en\/solucoes-anticorrosivas-integradas\/","url":"https:\/\/vci.2rs.com.br\/en\/solucoes-anticorrosivas-integradas\/","name":"- VCI Brasil","isPartOf":{"@id":"https:\/\/vci.2rs.com.br\/#website"},"datePublished":"2024-06-27T00:02:06+00:00","dateModified":"2024-06-27T00:02:06+00:00","inLanguage":"en-US","potentialAction":[{"@type":"ReadAction","target":["https:\/\/vci.2rs.com.br\/en\/solucoes-anticorrosivas-integradas\/"]}]},{"@type":"WebSite","@id":"https:\/\/vci.2rs.com.br\/#website","url":"https:\/\/vci.2rs.com.br\/","name":"VCI Brasil","description":"Solu\u00e7\u00f5es integradas anticorrosivas","publisher":{"@id":"https:\/\/vci.2rs.com.br\/#organization"},"potentialAction":[{"@type":"SearchAction","target":{"@type":"EntryPoint","urlTemplate":"https:\/\/vci.2rs.com.br\/?s={search_term_string}"},"query-input":"required name=search_term_string"}],"inLanguage":"en-US"},{"@type":"Organization","@id":"https:\/\/vci.2rs.com.br\/#organization","name":"VCI Brasil","url":"https:\/\/vci.2rs.com.br\/","logo":{"@type":"ImageObject","inLanguage":"en-US","@id":"https:\/\/vci.2rs.com.br\/#\/schema\/logo\/image\/","url":"https:\/\/vci.2rs.com.br\/wp-content\/uploads\/2024\/06\/logo-vci-brasil-brasil-maior.svg","contentUrl":"https:\/\/vci.2rs.com.br\/wp-content\/uploads\/2024\/06\/logo-vci-brasil-brasil-maior.svg","caption":"VCI Brasil"},"image":{"@id":"https:\/\/vci.2rs.com.br\/#\/schema\/logo\/image\/"},"sameAs":["https:\/\/www.linkedin.com\/company\/vci-brasil","https:\/\/www.youtube.com\/@vcibrasil"]}]}},"_links":{"self":[{"href":"https:\/\/vci.2rs.com.br\/en\/wp-json\/wp\/v2\/pages\/2727","targetHints":{"allow":["GET"]}}],"collection":[{"href":"https:\/\/vci.2rs.com.br\/en\/wp-json\/wp\/v2\/pages"}],"about":[{"href":"https:\/\/vci.2rs.com.br\/en\/wp-json\/wp\/v2\/types\/page"}],"author":[{"embeddable":true,"href":"https:\/\/vci.2rs.com.br\/en\/wp-json\/wp\/v2\/users\/2"}],"replies":[{"embeddable":true,"href":"https:\/\/vci.2rs.com.br\/en\/wp-json\/wp\/v2\/comments?post=2727"}],"version-history":[{"count":0,"href":"https:\/\/vci.2rs.com.br\/en\/wp-json\/wp\/v2\/pages\/2727\/revisions"}],"wp:attachment":[{"href":"https:\/\/vci.2rs.com.br\/en\/wp-json\/wp\/v2\/media?parent=2727"}],"curies":[{"name":"wp","href":"https:\/\/api.w.org\/{rel}","templated":true}]}}